{"id":15,"date":"2018-03-16T10:37:13","date_gmt":"2018-03-16T09:37:13","guid":{"rendered":"http:\/\/biospargel.at\/wp\/agb\/"},"modified":"2020-04-19T12:39:11","modified_gmt":"2020-04-19T10:39:11","slug":"agb","status":"publish","type":"page","link":"https:\/\/biospargel.at\/shop\/agb\/","title":{"rendered":"Allgemeine Gesch\u00e4ftsbedingungen"},"content":{"rendered":"<h2>Geltungsbereich und Anbieter<\/h2>\n<p>(1) \u00a0Diese Allgemeinen Gesch\u00e4ftsbedingungen gelten f\u00fcr alle Bestellungen, die Sie bei dem Online-Shop der<\/p>\n<p>Markus und Philip Brandenstein GesnbR,\u00a02293 Sch\u00f6nfeld, Gut Markhof 1<\/p>\n<p>brandenstein@biospargel.at<\/p>\n<p>UID: ATU 66421400<\/p>\n<p>Kontrollstellennummer: AT-BIO-902<\/p>\n<p>t\u00e4tigen.<\/p>\n<p>(2) \u00a0Das Warenangebot in unserem Online-Shop richtet sich ausschlie\u00dflich an K\u00e4ufer, die das 18. Lebensjahr vollendet haben.<\/p>\n<p>(3) \u00a0Unsere Lieferungen, Leistungen und Angebote erfolgen ausschlie\u00dflich auf der Grundlage dieser Allgemeinen Gesch\u00e4ftsbedingungen. Die Allgemeinen Gesch\u00e4ftsbedingungen gelten gegen\u00fcber Unternehmen somit auch f\u00fcr alle k\u00fcnftigen Gesch\u00e4ftsbeziehungen, auch wenn sie nicht nochmals ausdr\u00fccklich vereinbart werden. Der Einbeziehung von Allgemeinen Gesch\u00e4ftsbedingungen eines Kunden, die unseren Allgemeinen Gesch\u00e4ftsbedingungen widersprechen, wird schon jetzt widersprochen.<\/p>\n<p>(4) \u00a0Vertragssprache ist ausschlie\u00dflich deutsch.<\/p>\n<p>(5) \u00a0Sie k\u00f6nnen die derzeit g\u00fcltigen Allgemeinen Gesch\u00e4ftsbedingungen auf der Website <strong>[<a href=\"https:\/\/biospargel.at\/shop\/agb\/\">biospargel.at\/shop\/agb<\/a>]<\/strong> abrufen und ausdrucken.<\/p>\n<p>(6) Die Versendung erfolgt nur innerhalb \u00d6sterreichs.<\/p>\n<h2>Vertragsschluss<\/h2>\n<p>(1) \u00a0Die Warenpr\u00e4sentation im Online-Shop stellt keinen verbindlichen Antrag auf den Abschluss eines Kaufvertrages dar. Vielmehr handelt es sich um eine unverbindliche Aufforderung, im Online-Shop Waren zu bestellen.<\/p>\n<p>(2) \u00a0Mit Anklicken des Buttons [\u201eJetzt zahlungspflichtig bestellen\u201c \/ \u201ekaufen\u201c] geben Sie ein verbindliches Kaufangebot ab (\u00a7 145 BGB).<\/p>\n<p>(3) \u00a0Nach Eingang des Kaufangebots erhalten Sie eine automatisch erzeugte E- Mail, mit der wir best\u00e4tigen, dass wir Ihre Bestellung erhalten haben (Eingangsbest\u00e4tigung). Diese Eingangsbest\u00e4tigung stellt noch keine Annahme Ihres Kaufangebots dar. Ein Vertrag kommt durch die Eingangsbest\u00e4tigung noch nicht zustande.<\/p>\n<p>(4) \u00a0Ein Kaufvertrag \u00fcber die Ware kommt erst zustande, wenn wir ausdr\u00fccklich die Annahme des Kaufangebots erkl\u00e4ren (Auftragsbest\u00e4tigung) oder wenn wir die Ware \u2013 ohne vorherige ausdr\u00fcckliche Annahmeerkl\u00e4rung \u2013 an Sie versenden.<\/p>\n<p>(5) Bestellungen sind nur in haushalts\u00fcblichen Mengen m\u00f6glich.<\/p>\n<h2>Preise<\/h2>\n<p>(1) Alle Preise sind freibleibend. Bitte beachten Sie, dass Gem\u00fcse und Obst wochenweise wechselnden Preisen unterliegen. Auch bei den \u00fcbrigen Produktpreisen kann es zu \u00c4nderungen kommen. Wir m\u00fcssen uns deshalb Preis\u00e4nderungen vorbehalten. Es gilt der Preis auf Ihrer Rechnung zum Zeitpunkt der Auslieferung. Nat\u00fcrlich sind meistens die angegeben Preise mit den letztendlich berechneten Preisen identisch. Bei St\u00fcckwaren, die nach Gewicht abgerechnet werden, kann der St\u00fcckpreis naturgem\u00e4\u00df schwanken.<\/p>\n<p>(2) Die auf den Produktseiten genannten Preise enthalten verstehen sich als Gesamtpreise, sie enthalten die Verpackungskosten sowie die gesetzliche (Umsatzsteuer)<\/p>\n<p>(3) Versandkosten sind im Preis nicht enthalten; sie fallen zus\u00e4tzlich an.<\/p>\n<p>(4) Die Verrechnung erfolgt in Euro.<\/p>\n<p>(5) Pfandberechnung: Die angegeben Preise verstehen sich exklusive Pfand. Die Liefergebinde (inklusive K\u00fchlakkus) sind innerhalb von 10 Werktagen an 2293 Sch\u00f6nfeld, Gut Markhof 1 mittels R\u00fccksendeetikett zur\u00fcckzuschicken. F\u00fcr die R\u00fccksendung fallen keine zus\u00e4tzlichen Versandkosten an. Sollte keine R\u00fccksendung innerhalb des angegebenen Zeitraums erfolgen, behalten wir uns eine etwaige Pfandnachberechnung vor. Bei Nichtretournierung wird pro Gebinde wird ein Pfandbetrag in der H\u00f6he von 90 \u20ac und 20 \u20ac pro K\u00fchlakku f\u00e4llig.<\/p>\n<h2>Zahlungsbedingungen; Verzug<\/h2>\n<p>(1) \u00a0Die Zahlung erfolgt wahlweise per:<\/p>\n<p>Sofort \u00dcberweisung, Kreditkarte, PayPal oder Rechnung (nur f\u00fcr Gesch\u00e4ftskunden).<\/p>\n<p>(2) \u00a0Die Auswahl der jeweils verf\u00fcgbaren Bezahlmethoden obliegt uns. Wir behalten uns insbesondere vor, Ihnen f\u00fcr die Bezahlung nur ausgew\u00e4hlte Bezahlmethoden anzubieten, beispielweise zur Absicherung unseres Kreditrisikos nur Vorkasse.<\/p>\n<p>(3) \u00a0Bei Zahlung per Nachnahme wird eine zus\u00e4tzliche Geb\u00fchr in Hohe von 3,50 EUR f\u00e4llig, die der Zusteller vor Ort erhebt. Weitere Kosten und Steuern fallen nicht an.<\/p>\n<p>(4) \u00a0Bei Zahlung per Kreditkarte wird der Kaufpreis zum Zeitpunkt der Bestellung auf Ihrer Kreditkarte reserviert (Autorisierung). Die tats\u00e4chliche Belastung Ihres Kreditkartenkontos erfolgt in dem Zeitpunkt, in dem wir die Ware an Sie versenden.<\/p>\n<p>(5) \u00a0Bei der Bezahlung mit PayPal werden Sie im Bestellprozess auf die Webseite des Online-Anbieters PayPal weitergeleitet. Um den Rechnungsbetrag \u00fcber PayPal bezahlen zu k\u00f6nnen, m\u00fcssen Sie dort registriert sein bzw. sich erst registrieren, mit Ihren Zugangsdaten legitimieren und die Zahlungsanweisung an uns best\u00e4tigen. Nach Abgabe der Bestellung im Shop fordern wir PayPal zur Einleitung der Zahlungstransaktion auf. Weitere Hinweise erhalten Sie beim Bestellvorgang. Die Zahlungstransaktion wird durch PayPal unmittelbar danach automatisch durchgef\u00fchrt.<\/p>\n<p>(6) \u00a0Bei Zahlung per Lastschrift haben Sie ggf. jene Kosten zu tragen, die infolge einer R\u00fcckbuchung einer Zahlungstransaktion mangels Kontodeckung oder aufgrund von Ihnen falsch \u00fcbermittelter Daten der Bankverbindung entstehen.<\/p>\n<p>(7) Geraten Sie mit einer Zahlung in Verzug, so sind Sie zur Zahlung der gesetzlichen Verzugszinsen in Hohe von 5 Prozentpunkten \u00fcber dem Basiszinssatz verpflichtet. F\u00fcr jedes Mahnschreiben, das nach Eintritt des Verzugs an Sie versandt wird, wird Ihnen eine Mahngeb\u00fchr in H\u00f6he von 2,50 EUR berechnet, sofern nicht im Einzelfall ein niedrigerer bzw. h\u00f6herer Schaden nachgewiesen wird.<\/p>\n<p>(8) Bei Zahlung mit Rechnung bekommen Sie mit der Lieferung eine Rechnung zugesendet. Zahlungsziel 14 Tage an die von uns genannte Bankverbindung.<\/p>\n<h2>Aufrechnung\/Zur\u00fcckbehaltungsrecht<\/h2>\n<p>(1) \u00a0Ein Recht zur Aufrechnung steht Ihnen nur dann zu, wenn Ihre Gegenforderung rechtskr\u00e4ftig festgestellt worden ist, von uns nicht bestritten oder anerkannt wird oder in einem engen synallagmatischen Verh\u00e4ltnis zu unserer Forderung steht.<\/p>\n<p>(2) \u00a0Ebenso k\u00f6nnen Sie ein Zur\u00fcckbehaltungsrecht nur aus\u00fcben, soweit Ihre Gegenforderung auf demselben Vertragsverh\u00e4ltnis beruht.<\/p>\n<h2>Lieferung<\/h2>\n<p>(1) \u00a0Sofern nicht anders vereinbart, erfolgt die Lieferung der Ware von unserem Lager an die von Ihnen angegebene Adresse.<\/p>\n<p>(2)\u00a0 Lieferungen sind nur innerhalb \u00d6sterreichs m\u00f6glich.<\/p>\n<p>(3)\u00a0 Der Versand erfolgt von Montag bis Mittwoch. An Feiertagen erfolgt kein Versand.<\/p>\n<p>(4)\u00a0Sollten nicht alle bestellten Produkte vorr\u00e4tig sein, sind wir zu Teillieferungen berechtigt, soweit dies f\u00fcr Sie zumutbar ist. Etwaige Fristen beginnen erst mit dem Erhalt der letzten Teillieferung.<\/p>\n<p>(5) \u00a0Sofern die Lieferung leicht verderblicher Ware Gegenstand dieses Vertrags ist, gilt Folgendes: Der Kunde stellt die Annahme leicht verderblicher Waren zu dem vereinbarten Liefertermin durch geeignete Vorkehrungen sicher, z.B. indem er die Ware selbst entgegennimmt, eine Person mit der Annahme an der angegebenen Lieferadresse beauftragt oder dem Verk\u00e4ufer den Namen und die Anschrift eines zur Annahme bereiten und berechtigten Nachbarn mitteilt.<\/p>\n<p>(6) \u00a0Bei der Bestellung loser Ware, d.h. Ware, die kundenindividuell abgewogen wird (z.B. Obst, Gem\u00fcse, Fleisch, Wurst und Kasse), kann es zu Mengenabweichungen kommen. Der zu zahlende Preis wird auf Basis des Grundpreises ermittelt. Der Grundpreis wird in EUR je Mengeneinheit angegeben (z.B. EUR je 100ml, 100g, 1kg, 1l). Der durch den Kunden zu zahlende Preis bezieht sich dann auf die tats\u00e4chlich abgewogene Menge. Dadurch kann es zu leichten Unterschieden zwischen dem im Online-Shop bei Absenden der Bestellung genannten Preis und dem tats\u00e4chlichen Rechnungspreis kommen. Es wird sich bem\u00fcht, solche Abweichung m\u00f6glichst gering zu halten.<\/p>\n<p>(7) Die Lieferung bestellter Waren erfolgt vorbehaltlich der Verf\u00fcgbarkeit der Ware. Ist diese zum Bestellzeitpunkt nicht lieferbar, erh\u00e4lt der Besteller eine Benachrichtigung \u00fcber den voraussichtlichen Liefertermin und die Bestellung wird durch uns vorgemerkt. Sobald die Ware vorr\u00e4tig ist, erfolgt der Versand an den Besteller, ohne dass eine weitere Benachrichtigung an den Besteller erfolgt. Im Falle der Nichtverf\u00fcgbarkeit, insbesondere, weil ein als solcher gekennzeichneter begrenzter Warenvorrat ersch\u00f6pft ist (z.B. Jahrgangswein) wird der Besteller durch uns unterrichtet. Bereits geleistete Zahlungen werden dann unverz\u00fcglich zur\u00fcckerstattet.<\/p>\n<p>(8) Bei Lieferung von Spirituosen und Tabakwaren oder sonstigen Artikeln, die gesetzlichen Verkaufsbeschr\u00e4nkungen unterliegen, erfolgt eine \u00dcbergabe der Ware nur an Empfangspersonen, die die gesetzlichen Vorgaben erf\u00fcllen, und nur nach Vorlage des Personalausweises.<\/p>\n<h2>Eigentumsvorbehalt<\/h2>\n<p>(1) Die Ware bleibt bis zur vollst\u00e4ndigen Zahlung des Kaufpreises unser Eigentum.<\/p>\n<p>(2) Wenn Sie Unternehmer im Sinne des \u00a7 14 BGB sind, gilt erg\u00e4nzend Folgendes:<\/p>\n<p>&#8211; \u00a0Wir behalten uns das Eigentum an der Ware bis zum vollst\u00e4ndigen Ausgleich aller Forderungen aus der laufenden Gesch\u00e4ftsbeziehung vor. Vor \u00dcbergang des Eigentums an der Vorbehaltsware ist eine Verpf\u00e4ndung oder Sicherheits\u00fcbereignung nicht zul\u00e4ssig.<\/p>\n<p>&#8211; \u00a0Sie d\u00fcrfen die Ware im ordentlichen Gesch\u00e4ftsgang weiterverkaufen. F\u00fcr diesen Fall treten Sie bereits jetzt alle Forderungen in H\u00f6he des Rechnungsbetrages, die Ihnen aus dem Weiterverkauf erwachsen, an uns ab. Wir nehmen die Abtretung an, Sie sind jedoch zur Einziehung der Forderungen erm\u00e4chtigt. Soweit Sie Ihren Zahlungsverpflichtungen nicht ordnungsgem\u00e4\u00df nachkommen, behalten wir uns das Recht vor, Forderungen selbst einzuziehen.<\/p>\n<p>&#8211; \u00a0Bei Verbindung und Vermischung der Vorbehaltsware erwerben wir Miteigentum an der neuen Sache im Verh\u00e4ltnis des Rechnungswertes der Vorbehaltsware zu den anderen verarbeiteten Gegenst\u00e4nden zum Zeitpunkt der Verarbeitung.<\/p>\n<p>&#8211; \u00a0Wir verpflichteten uns, die uns zustehenden Sicherheiten auf Verlangen insoweit freizugeben, als der realisierbare Wert unserer Sicherheiten die zu sichernden Forderungen um mehr als 10 % \u00fcbersteigt. Die Auswahl der freizugebenden Sicherheiten obliegt uns.<\/p>\n<h2>Transportsch\u00e4den<\/h2>\n<p>(1) \u00a0Werden Waren mit offensichtlichen Transportsch\u00e4den angeliefert, so reklamieren Sie solche Fehler bitte sofort bei dem Zusteller und nehmen Sie bitte schnellstm\u00f6glich Kontakt zu uns auf.<\/p>\n<p>(2) \u00a0Die Vers\u00e4umung einer Reklamation oder Kontaktaufnahme hat f\u00fcr Ihre gesetzlichen Gew\u00e4hrleistungsrechte keine Konsequenzen. Sie helfen uns aber, unsere eigenen Anspr\u00fcche gegen\u00fcber dem Frachtf\u00fchrer bzw. der Transportversicherung geltend machen zu k\u00f6nnen.<\/p>\n<h2>Gew\u00e4hrleistung<\/h2>\n<p>(1) Soweit nicht ausdr\u00fccklich etwas anderes vereinbart ist, richten sich Ihre Gew\u00e4hrleistungsanspr\u00fcche nach den gesetzlichen Bestimmungen des Kaufrechts (\u00a7\u00a7 433 ff. BGB).<\/p>\n<p>(2) Wenn Sie Unternehmer im Sinne des \u00a7 14 BGB sind, gelten die gesetzlichen Bestimmungen mit folgenden Modifikationen:<\/p>\n<p>&#8211; \u00a0F\u00fcr die Beschaffenheit der Ware sind nur unsere eigenen Angaben und die Produktbeschreibung des Herstellers verbindlich, nicht jedoch \u00f6ffentliche Anpreisungen und \u00c4u\u00dferungen und sonstige Werbung des Herstellers.<\/p>\n<p>&#8211; \u00a0Sie sind verpflichtet, die Ware unverz\u00fcglich und mit der gebotenen Sorgfalt auf Qualit\u00e4ts- und Mengenabweichungen zu untersuchen und uns offensichtliche M\u00e4ngel binnen 7 Tagen ab Empfang der Ware anzuzeigen. Zur Fristwahrung reicht die rechtzeitige Absendung. Dies gilt auch f\u00fcr sp\u00e4ter festgestellte verdeckte M\u00e4ngel ab Entdeckung. Bei Verletzung der<\/p>\n<p>Untersuchungs- und R\u00fcgepflicht ist die Geltendmachung der Gew\u00e4hrleistungsanspr\u00fcche ausgeschlossen.<\/p>\n<p>&#8211; \u00a0Bei M\u00e4ngeln leisten wir nach unserer Wahl Gew\u00e4hr durch Nachbesserung oder Ersatzlieferung (Nacherf\u00fcllung). Im Falle der Nachbesserung m\u00fcssen wir nicht die erh\u00f6hten Kosten tragen, die durch die Verbringung der Ware an einen anderen Ort als den Erf\u00fcllungsort entstehen, sofern die Verbringung nicht dem bestimmungsgem\u00e4\u00dfen Gebrauch der Ware entspricht.<\/p>\n<p>&#8211; \u00a0Schl\u00e4gt die Nacherf\u00fcllung zweimal fehl, k\u00f6nnen Sie nach Ihrer Wahl Minderung verlangen oder vom Vertrag zur\u00fcck<\/p>\n<p>&#8211; \u00a0Die Gew\u00e4hrleistungsfrist betr\u00e4gt ein Jahr ab Ablieferung der Ware.<\/p>\n<h2>Haftung<\/h2>\n<p>(1) \u00a0Unbeschr\u00e4nkte Haftung: Wir haften unbeschr\u00e4nkt f\u00fcr Vorsatz und grobe Fahrl\u00e4ssigkeit sowie nach Ma\u00dfgabe des Produkthaftungsgesetzes. F\u00fcr leichte Fahrl\u00e4ssigkeit haften wir bei Sch\u00e4den aus der Verletzung des Lebens, des K\u00f6rpers und der Gesundheit von Personen.<\/p>\n<p>(2) \u00a0Im \u00dcbrigen gilt folgende beschr\u00e4nkte Haftung: Bei leichter Fahrl\u00e4ssigkeit haften wir nur im Falle der Verletzung einer wesentlichen Vertragspflicht, deren Erf\u00fcllung die ordnungsgem\u00e4\u00dfe Durchf\u00fchrung des Vertrags \u00fcberhaupt erst erm\u00f6glicht und auf deren Einhaltung Sie regelm\u00e4\u00dfig vertrauen d\u00fcrfen (Kardinalpflicht). Die Haftung f\u00fcr leichte Fahrl\u00e4ssigkeit ist der H\u00f6he nach beschr\u00e4nkt auf die bei Vertragsschluss vorhersehbaren Sch\u00e4den, mit deren<\/p>\n<p>Entstehung typischerweise gerechnet werden muss. Diese Haftungsbeschr\u00e4nkung gilt auch zugunsten unserer Erf\u00fcllungsgehilfen.<\/p>\n<h2>Alternative Streitbeilegung<\/h2>\n<p>Die EU-Kommission hat eine Plattform f\u00fcr au\u00dfergerichtliche Streitschlichtung bereitgestellt. Verbrauchern gibt dies die M\u00f6glichkeit, Streitigkeiten im Zusammenhang mit Ihrer Online-Bestellung zun\u00e4chst ohne die Einschaltung eines Gerichts zu kl\u00e4ren. Die Streitbeilegungs-Plattform ist unter dem externen Link http:\/\/ec.europa.eu\/consumers\/odr\/erreichbar.<\/p>\n<p>Wir sind bem\u00fcht, eventuelle Meinungsverschiedenheiten aus unserem Vertrag einvernehmlich beizulegen. Dar\u00fcber hinaus sind wir zu einer Teilnahme an einem Schlichtungsverfahren nicht verpflichtet und k\u00f6nnen Ihnen die Teilnahme an einem solchen Verfahren leider auch nicht anbieten.<\/p>\n<h2>Schlussbestimmungen<\/h2>\n<p>(1) \u00a0Sollten eine oder mehrere Bestimmungen dieser AGB unwirksam sein oder werden, wird dadurch die Wirksamkeit der anderen Bestimmungen im \u00dcbrigen nicht ber\u00fchrt.<\/p>\n<p>(2) \u00a0Auf Vertr\u00e4ge zwischen uns und Ihnen ist ausschlie\u00dflich deutsches Recht anwendbar unter Ausschluss der Bestimmungen der United Nations Convention on Contracts for the International Sale of Goods (CISG, \u201eUN- Kaufrecht\u201c). Zwingende Bestimmungen des Landes, in dem Sie sich gew\u00f6hnlich aufhalten, bleiben von der Rechtswahl unber\u00fchrt.<\/p>\n<p>(3) \u00a0Sind Sie Kaufmann, juristische Person des \u00f6ffentlichen Rechts oder \u00f6ffentlich- rechtliches Sonderverm\u00f6gen, so ist Gerichtsstand f\u00fcr alle Streitigkeiten aus oder im Zusammenhang mit Vertr\u00e4gen zwischen uns und Ihnen unser Gesch\u00e4ftssitz.<\/p>\n<p>Stand: <em>M\u00e4rz 2018<\/em><br \/>\n<div class=\"woocommerce woocommerce-gzd woocommerce-gzd-complaints-shortcode\">\n\t<h3>Alternative Streitbeilegung gem\u00e4\u00df Art. 14 Abs. 1 ODR-VO und \u00a7 36 VSBG:<\/h3>\n\n<p>Die Europ\u00e4ische Kommission stellt eine Plattform zur Online-Streitbeilegung (OS) bereit, die du unter <a href=\"https:\/\/ec.europa.eu\/consumers\/odr\" target=\"_blank\">https:\/\/ec.europa.eu\/consumers\/odr<\/a> findest. Zur Teilnahme an einem Streitbeilegungsverfahren vor einer Verbraucherschlichtungsstelle sind wir nicht verpflichtet und nicht bereit.<\/p>\n<\/div><\/p>\n","protected":false},"excerpt":{"rendered":"<p>Geltungsbereich und Anbieter (1) \u00a0Diese Allgemeinen Gesch\u00e4ftsbedingungen gelten f\u00fcr alle Bestellungen, die Sie bei dem Online-Shop der Markus und Philip Brandenstein GesnbR,\u00a02293 Sch\u00f6nfeld, Gut Markhof 1 brandenstein@biospargel.at UID: ATU 66421400 Kontrollstellennummer: AT-BIO-902 t\u00e4tigen. (2) \u00a0Das Warenangebot in unserem Online-Shop richtet sich ausschlie\u00dflich an K\u00e4ufer, die das 18. Lebensjahr vollendet haben. (3) \u00a0Unsere Lieferungen, Leistungen und [&hellip;]<\/p>\n","protected":false},"author":1,"featured_media":0,"parent":0,"menu_order":0,"comment_status":"closed","ping_status":"closed","template":"","meta":[],"_links":{"self":[{"href":"https:\/\/biospargel.at\/shop\/wp-json\/wp\/v2\/pages\/15"}],"collection":[{"href":"https:\/\/biospargel.at\/shop\/wp-json\/wp\/v2\/pages"}],"about":[{"href":"https:\/\/biospargel.at\/shop\/wp-json\/wp\/v2\/types\/page"}],"author":[{"embeddable":true,"href":"https:\/\/biospargel.at\/shop\/wp-json\/wp\/v2\/users\/1"}],"replies":[{"embeddable":true,"href":"https:\/\/biospargel.at\/shop\/wp-json\/wp\/v2\/comments?post=15"}],"version-history":[{"count":22,"href":"https:\/\/biospargel.at\/shop\/wp-json\/wp\/v2\/pages\/15\/revisions"}],"predecessor-version":[{"id":238,"href":"https:\/\/biospargel.at\/shop\/wp-json\/wp\/v2\/pages\/15\/revisions\/238"}],"wp:attachment":[{"href":"https:\/\/biospargel.at\/shop\/wp-json\/wp\/v2\/media?parent=15"}],"curies":[{"name":"wp","href":"https:\/\/api.w.org\/{rel}","templated":true}]}}