{"id":17,"date":"2018-03-16T10:37:13","date_gmt":"2018-03-16T09:37:13","guid":{"rendered":"http:\/\/biospargel.at\/wp\/versandarten\/"},"modified":"2023-04-21T08:37:15","modified_gmt":"2023-04-21T06:37:15","slug":"versandarten","status":"publish","type":"page","link":"https:\/\/biospargel.at\/shop\/versandarten\/","title":{"rendered":"Versand und Kosten"},"content":{"rendered":"<h2 style=\"text-align: left;\"><\/h2>\n<p style=\"text-align: left;\"><img decoding=\"async\" loading=\"lazy\" class=\"hide_when_sm aligncenter wp-image-88 size-full\" src=\"https:\/\/biospargel.at\/shop\/wp-content\/uploads\/2018\/04\/versand_horizontal-1.png\" alt=\"Versand Schritte grafisch dargestellt\" width=\"1254\" height=\"283\" srcset=\"https:\/\/biospargel.at\/shop\/wp-content\/uploads\/2018\/04\/versand_horizontal-1.png 1254w, https:\/\/biospargel.at\/shop\/wp-content\/uploads\/2018\/04\/versand_horizontal-1-300x68.png 300w, https:\/\/biospargel.at\/shop\/wp-content\/uploads\/2018\/04\/versand_horizontal-1-768x173.png 768w, https:\/\/biospargel.at\/shop\/wp-content\/uploads\/2018\/04\/versand_horizontal-1-1024x231.png 1024w, https:\/\/biospargel.at\/shop\/wp-content\/uploads\/2018\/04\/versand_horizontal-1-416x94.png 416w\" sizes=\"(max-width: 1254px) 100vw, 1254px\" \/><\/p>\n<p style=\"text-align: left;\"><img decoding=\"async\" loading=\"lazy\" class=\"show_when_sm aligncenter wp-image-96 size-full\" src=\"https:\/\/biospargel.at\/shop\/wp-content\/uploads\/2018\/04\/versand_vertikal-1.png\" alt=\"Versandablauf grafisch dargestellt\" width=\"592\" height=\"1024\" srcset=\"https:\/\/biospargel.at\/shop\/wp-content\/uploads\/2018\/04\/versand_vertikal-1.png 592w, https:\/\/biospargel.at\/shop\/wp-content\/uploads\/2018\/04\/versand_vertikal-1-173x300.png 173w, https:\/\/biospargel.at\/shop\/wp-content\/uploads\/2018\/04\/versand_vertikal-1-416x720.png 416w\" sizes=\"(max-width: 592px) 100vw, 592px\" \/><\/p>\n<h2>Ablauf<\/h2>\n<p style=\"text-align: left;\">1: Online Bestellung<\/p>\n<p style=\"text-align: left;\">2: Gek\u00fchlte Lieferung mit der Post<\/p>\n<p style=\"text-align: left;\">3: Thermoboxen mit dem beiliegenden R\u00fccksendeetikett zur\u00fccksenden<\/p>\n<h2 style=\"text-align: left;\">Kosten<\/h2>\n<p>Die <strong>Liefergeb\u00fchr betr\u00e4gt 9,90\u20ac pro Transportbox<\/strong>. Die maximale F\u00fcllmenge pro Transportbox betr\u00e4gt 16kg. Beim Next Day Fresh Zustellservice wird die Lieferung vor der Haust\u00fcr abgestellt, sollten Sie einmal nicht zu Hause sein.<\/p>\n<h2>Versandtage<\/h2>\n<p style=\"text-align: left;\">Wir versenden von <strong>Montag bis Mittwoch (werktags)<\/strong>. Wenn Sie bis Bestellschluss 9:00 bestellen, wir die Lieferung am selben Tag versendet. An Feiertagen und an Tagen vor Feiertagen erfolgt kein Versand. Die Zustellung erfolgt gek\u00fchlt, \u00f6sterreichweit und CO2 neutral.<\/p>\n<h2 style=\"text-align: left;\">Mehrwegpfandsystem<\/h2>\n<p style=\"text-align: left;\">Der Versand erfolgt in Mehrwegboxen. Daf\u00fcr ist es wichtig, dass Sie die wiederverwendbare Styropor-K\u00fchlbox und die beiliegenden K\u00fchlakkus wieder an uns zur\u00fccksenden. <strong>Bitte verwenden Sie daf\u00fcr das bei der Lieferung beiliegende R\u00fccksendeetikett<\/strong>.<\/p>\n<p style=\"text-align: left;\">Damit fallen f\u00fcr Sie keine zus\u00e4tzlichen Versandkosten an. Wenn Sie die K\u00fchlbox und die Akkus behalten wollen und diese nicht innerhalb von 10 Werktagen an uns retournieren, werden Ihnen die Kosten daf\u00fcr in Rechnung gestellt. Siehe <strong>AGB\u2019s.<\/strong><\/p>\n","protected":false},"excerpt":{"rendered":"<p>Ablauf 1: Online Bestellung 2: Gek\u00fchlte Lieferung mit der Post 3: Thermoboxen mit dem beiliegenden R\u00fccksendeetikett zur\u00fccksenden Kosten Die Liefergeb\u00fchr betr\u00e4gt 9,90\u20ac pro Transportbox. Die maximale F\u00fcllmenge pro Transportbox betr\u00e4gt 16kg. Beim Next Day Fresh Zustellservice wird die Lieferung vor der Haust\u00fcr abgestellt, sollten Sie einmal nicht zu Hause sein. Versandtage Wir versenden von Montag [&hellip;]<\/p>\n","protected":false},"author":1,"featured_media":0,"parent":0,"menu_order":0,"comment_status":"closed","ping_status":"closed","template":"","meta":[],"_links":{"self":[{"href":"https:\/\/biospargel.at\/shop\/wp-json\/wp\/v2\/pages\/17"}],"collection":[{"href":"https:\/\/biospargel.at\/shop\/wp-json\/wp\/v2\/pages"}],"about":[{"href":"https:\/\/biospargel.at\/shop\/wp-json\/wp\/v2\/types\/page"}],"author":[{"embeddable":true,"href":"https:\/\/biospargel.at\/shop\/wp-json\/wp\/v2\/users\/1"}],"replies":[{"embeddable":true,"href":"https:\/\/biospargel.at\/shop\/wp-json\/wp\/v2\/comments?post=17"}],"version-history":[{"count":43,"href":"https:\/\/biospargel.at\/shop\/wp-json\/wp\/v2\/pages\/17\/revisions"}],"predecessor-version":[{"id":491,"href":"https:\/\/biospargel.at\/shop\/wp-json\/wp\/v2\/pages\/17\/revisions\/491"}],"wp:attachment":[{"href":"https:\/\/biospargel.at\/shop\/wp-json\/wp\/v2\/media?parent=17"}],"curies":[{"name":"wp","href":"https:\/\/api.w.org\/{rel}","templated":true}]}}