{"id":33,"date":"2018-03-30T09:31:11","date_gmt":"2018-03-30T07:31:11","guid":{"rendered":"http:\/\/biospargel.at\/wp\/?post_type=product&#038;p=33"},"modified":"2025-06-01T20:32:59","modified_gmt":"2025-06-01T18:32:59","slug":"solo-gruen","status":"publish","type":"product","link":"https:\/\/biospargel.at\/shop\/produkt\/solo-gruen\/","title":{"rendered":"Biospargel Solo gr\u00fcn, 1kg"},"content":{"rendered":"<p>Gr\u00fcner Spargel wird oberhalb der Erde gestochen, er besticht durch seinen herzhaften kr\u00e4ftigen Geschmack, maximal im unteren Drittel sch\u00e4len, Gr\u00fcnspargel eignet sich hervorragend zum Anbraten, im Risotto oder in Aufl\u00e4ufen, Garzeit ca. 10-12 min<\/p>\n","protected":false},"excerpt":{"rendered":"<p>Marchfelder Biospargel Solo gr\u00fcn, Klasse I 15-21 mm<\/p>\n","protected":false},"featured_media":150,"template":"","meta":[],"product_cat":[15],"product_tag":[],"_links":{"self":[{"href":"https:\/\/biospargel.at\/shop\/wp-json\/wp\/v3\/product\/33"}],"collection":[{"href":"https:\/\/biospargel.at\/shop\/wp-json\/wp\/v3\/product"}],"about":[{"href":"https:\/\/biospargel.at\/shop\/wp-json\/wp\/v2\/types\/product"}],"wp:featuredmedia":[{"embeddable":true,"href":"https:\/\/biospargel.at\/shop\/wp-json\/wp\/v2\/media\/150"}],"wp:attachment":[{"href":"https:\/\/biospargel.at\/shop\/wp-json\/wp\/v2\/media?parent=33"}],"wp:term":[{"taxonomy":"product_cat","embeddable":true,"href":"https:\/\/biospargel.at\/shop\/wp-json\/wp\/v2\/product_cat?post=33"},{"taxonomy":"product_tag","embeddable":true,"href":"https:\/\/biospargel.at\/shop\/wp-json\/wp\/v2\/product_tag?post=33"}],"curies":[{"name":"wp","href":"https:\/\/api.w.org\/{rel}","templated":true}]}}